{"id":7991,"date":"2020-04-06T11:14:28","date_gmt":"2020-04-06T09:14:28","guid":{"rendered":"https:\/\/www.trgo-mokk.si\/general-terms\/"},"modified":"2020-04-06T11:34:26","modified_gmt":"2020-04-06T09:34:26","slug":"general-terms","status":"publish","type":"page","link":"https:\/\/www.trgo-mokk.si\/ru\/general-terms\/","title":{"rendered":"General terms"},"content":{"rendered":"\n<style type=\"text\/css\" data-created_by=\"avia_inline_auto\" id=\"style-css-av-6lnjzf-4a763998f4ee3fdd7ccb332e2a21fc39\">\n.flex_column.av-6lnjzf-4a763998f4ee3fdd7ccb332e2a21fc39{\nborder-radius:0px 0px 0px 0px;\npadding:0px 0px 0px 0px;\n}\n<\/style>\n<div  class='flex_column av-6lnjzf-4a763998f4ee3fdd7ccb332e2a21fc39 av_one_half  avia-builder-el-0  el_before_av_one_half  avia-builder-el-first  first flex_column_div av-zero-column-padding  '     ><section  class='av_textblock_section av-432o0b-2dda8fd4214183aa9b17e51809409581 '   itemscope=\"itemscope\" itemtype=\"https:\/\/schema.org\/CreativeWork\" ><div class='avia_textblock'  itemprop=\"text\" ><h1>Politika zasebnosti<\/h1>\n<p>Nahajate se na spletnem mestu: <a href=\"https:\/\/www.trgo-mokk.si\/\">https:\/\/www.trgo-mokk.si\/<\/a> va\u0161 dostop do tega spletnega mesta in njegovo uporabo urejajo ti splo\u0161ni pogoji. Z vstopom na spletno mesto potrjujete, da ste z njimi seznanjeni, da z njimi sogla\u0161ate in da vas dolo\u010dbe teh splo\u0161nih pogojev zavezujejo.<\/p>\n<p>Lastnik spletnega mesta TRGO-MOKK d.o.o.in si pridr\u017euje pravico, da te splo\u0161ne pogoje brez obvestila spremeni ali dopolni.<\/p>\n<p>Vse podatke in informacije, objavljene na spletnem mestu <a href=\"https:\/\/www.trgo-mokk.si\/\">https:\/\/www.trgo-mokk.si\/<\/a>, je treba pred uporabo obvezno preveriti pri na\u0161ih sodelavcih. Lastnik pravilnosti in to\u010dnosti teh podatkov namenja veliko pozornosti in jih redno preverja ter a\u017eurira, ker pa se ti lahko spremenijo tudi v obdobju med dvema a\u017euriranjema, za njihovo a\u017eurnost in to\u010dnost ne prevzema nobene odgovornosti, prav tako pa ne daje nikakr\u0161nih garancij za celovitost ali pravilno interpretacijo posredovanih informacij.<\/p>\n<p>Enako velja tudi za vse druge spletne strani, ki so lahko dostopne prek hipertekstovnih povezav. Povezave s tovrstnimi stranmi vzpostavljate na lastno odgovornost, saj TRGO-MOKK d.o.o., zanje odgovornosti ne prevzema.<\/p>\n<p>Podatki na spletnem mestu so samo informativne narave, zato lastnik ne prevzema odgovornosti za morebitne napake v vsebini ter pravilnosti in to\u010dnosti objavljenih podatkov, do katerih je morebiti pri\u0161lo zaradi \u010dasovnih neusklajenosti, napak pri vnosu ali drugih nepredvidljivih vzrokov. Vsebine, ki so objavljene na tem spletnem mestu ali povezanih spletnih straneh, torej lahko vsebujejo neto\u010dnosti, tipkovne, slovni\u010dne ali tipografske napake. Lastnik odgovornost zanje izrecno izklju\u010duje.<\/p>\n<p>Slike oseb, predmetov, krajev in druge slike, prikazane na spletnem mestu, so last lastnika ali pa so objavljene z dovoljenjem lastnika. Kakr\u0161na koli uporaba teh slik brez pisnega dovoljenja lastnika je prepovedana in predstavlja kr\u0161itev avtorskih pravic ali drugih pravic intelektualne lastnine oz. predpisov o varstvu osebnih podatkov.<\/p>\n<p><strong>POLITIKA VAROVANJA OSEBNIH PODATKOV<\/strong><\/p>\n<p>Z va\u0161imi osebnimi podatki ravnamo v skladu z zakonodajo, po\u0161teno, varno in za vas pregledno. Zavedamo se svoje odgovornosti, ker ste nam zaupali svoje osebne podatke.<\/p>\n<p><strong>Namen zbiranja osebnih podatkov<\/strong><br \/>\nUpravljavec obdeluje osebne podatke uporabnikov za naslednje namene:<br \/>\n&#8212; komunikacijo med potencialnimi strankami oz. jih uporablja izklju\u010dna za odgovore na poslana vpra\u0161anja, sporo\u010dila preko poslanega spletnega obrazca.<\/p>\n<p>Upravljavec lahko obdeluje naslednje osebne podatke uporabnikov:<\/p>\n<ul>\n<li>ime<\/li>\n<li>priimek<\/li>\n<li>elektronski naslov<\/li>\n<li>zadeva<\/li>\n<li>sporo\u010dilo<\/li>\n<\/ul>\n<p><strong>Osebna privolitev uporabnika<\/strong><br \/>\nUpravljavec zagotavlja mo\u017enost osebne privolitve uporabnika, kjer je to potrebno, brez vnaprej izpolnjenega potrditvenega okenca. (V kolikor se po\u0161lje povpra\u0161evanje direktno na elektronski naslov).<\/p>\n<p>Osebna privolitev uporabnika je njegova prostovoljna izjava volje, da se lahko njegovi osebni podatki obdelujejo za dolo\u010den namen, in je dana na podlagi informacij, ki mu jih zagotavlja upravljavec s temi pravnimi pogoji. (V kontaktnem obrazcu, prosimo za strinjanje z uporabo va\u0161ih podatkov).<\/p>\n<p><strong>Neposredno tr\u017eenje<\/strong><br \/>\nZa namene neposrednega tr\u017eenja upravljavec ne uporablja nobenega osebnega podatka.<\/p>\n<p><strong>Shranjevanje osebnih podatkov<\/strong><br \/>\nNa spletni strani <a href=\"http:\/\/www.odvetnik-podgorsek.si\">https:\/\/www.trgo-mokk.si\/<\/a> se ne shranjujejo podatki uporabnika, ko po\u0161lje povpra\u0161evanje. Ti podatki se posredujejo neposredno na elektronski naslov <a href=\"mailto:info@trgo-mokk.si\" target=\"_blank\" rel=\"noopener noreferrer\">info@trgo-mokk.si<\/a><\/p>\n<p><strong>Posredovanje osebnih podatkov tretjim osebam<\/strong><br \/>\nUpravljavec ne posreduje osebnih podatkov uporabnikov tretjim osebam.<\/p>\n<p><strong>Shranjevanje osebnih podatkov<\/strong><br \/>\nNa spletni strani <a href=\"http:\/\/www.odvetnik-podgorsek.si\">https:\/\/www.trgo-mokk.si\/<\/a> se ne shranjujejo podatki uporabnika, ko po\u0161lje povpra\u0161evanje. Ti podatki se posredujejo neposredno na elektronski naslov <a href=\"mailto:info@trgo-mokk.si\">info@trgo-mokk.si<\/a><\/p>\n<p><strong>Obvestilo:<br \/>\n<\/strong>Ta spletna stran uporablja pi\u0161kotke. Z nadaljnjo uporabo te spletne strani se strinjate z na\u0161o politiko pi\u0161kotkov.<\/p>\n<h1>PI\u0160KOTKI<\/h1>\n<h3>O pi\u0161kotkih<\/h3>\n<p><strong>Kaj so pi\u0161kotki?<br \/>\n<\/strong>Pi\u0161kotki so male besedilne datoteke, v katere se zapi\u0161ejo podatki o obisku spletne strani.<\/p>\n<p>Interakcija med spletnim uporabnikom in spletno stranjo je s pomo\u010djo pi\u0161kotkov hitrej\u0161a in enostavnej\u0161a. Z njihovo pomo\u010djo si spletna stran zapomni posameznikove preference in izku\u0161nje, s tem je prihranjen \u010das, brskanje po spletnih straneh pa je bolj u\u010dinkovito in prijetno.<\/p>\n<p>Razlogov za uporabo pi\u0161kotkov je ve\u010d, kot prvi gotovo njihova lastnost shranjevanja podatkov o stanju posamezne spletne strani (izbira jezika, \u0161tevilo prikazanih rezultatov, velikost pisave itn.), pomagajo pri izvajanju spletnih storitev (registracija, vsebina nakupovalne ko\u0161arice, prijava na e-novice, ogled videa itn.), pomagajo pri zbiranju podatkov o navadah spletnih uporabnikov (\u0161tevilo obiskov, uporabnikom zanimiva vsebina itn.), s katerimi si pomagamo izbolj\u0161ati va\u0161o uporabni\u0161ko izku\u0161njo in ocenimo u\u010dinkovitost zasnove spletne strani.<\/p>\n<p>Nobeni pi\u0161kotki, ki jih uporabljamo na svojih spletnih straneh, ne zbirajo podatkov, s katerimi bi vas bilo mogo\u010de osebno prepoznati.<\/p>\n<p>Ker \u017eelimo biti z vami popolnoma odkriti, smo pripravili seznam vseh pi\u0161kotkov, ki jih uporabljamo, in zakaj. Upo\u0161tevajte, da se z nadaljnjo uporabo te spletne strani strinjate z na\u0161o rabo opisanih pi\u0161kotkov.<\/p>\n<h3>Katere pi\u0161kotke uporablja ta spletna stran?<\/h3>\n<p><strong>Nujno potrebni pi\u0161kotki<br \/>\n<\/strong>Pi\u0161kotki, ki nam pomagajo ustrezno prikazati vsebine, omogo\u010dajo delovanje obrazcev in drugih elementov spletne strani.<br \/>\nTovrstni pi\u0161kotki so aktivni le v \u010dasu trajanja seje.<\/p>\n<p><strong>Google<br \/>\n<\/strong>Google uporablja pi\u0161kotke za shranjevanje priljubljenih uporabni\u0161kih nastavitev, izbire jezikovne verzije, \u0161t. prikazanih zadetkov in vrednosti, prikaz informacij na Google zemljevidih ter mnogih drugih funkcionalnosti in storitev tega spletnega giganta.<\/p>\n<p><strong>Google Analytics<br \/>\n<\/strong>Google Analytics je storitev spletnega analiziranja. Nudi nam informacije o obna\u0161anju uporabnikov na na\u0161i spletni strani in nam s tem pomaga ustvariti bolj\u0161o uporabni\u0161ko izku\u0161njo, prikazati relevantno vsebino itn. Pri razbiranju teh podatkov vas ne moremo osebno prepoznati.<br \/>\n\u017divljenjska doba teh pi\u0161kotkov zna\u0161a do 2 let.<\/p>\n<p><strong>Kako lahko upravljate ali bri\u0161ete pi\u0161kotke?<br \/>\n<\/strong>Pi\u0161kotkov nikakor ne bomo uporabljali za zbiranje va\u0161ih osebno dolo\u010dljivih podatkov, po \u017eelji pa lahko nastavitve o uporabi pi\u0161kotkov spremenite tudi v brskalniku svojega ra\u010dunalnika ali mobilne naprave.<\/p>\n<p>Ve\u010dina modernih brskalnikov omogo\u010da, da sprejmete ali zavrnete vse pi\u0161kotke, sprejmete ali zavrnete le dolo\u010dene vrste pi\u0161kotkov ali pa si nastavite opozorilo, da stran \u017eeli shraniti pi\u0161kotek na va\u0161o napravo. Izbri\u0161ete lahko tudi pi\u0161kotke, ki jih je brskalnik \u017ee shranil na va\u0161i napravi.<\/p>\n<p>Opozarjamo vas, da v primeru izklopa pi\u0161kotkov vse funkcionalnosti spletnih strani morda ne bodo delovale enako u\u010dinkovito, opozorilo o uporabi pi\u0161kotkov se bo prikazalo ob vsakem obisku, dolgoro\u010dno pa bo to negativno vplivalo na va\u0161o uporabni\u0161ko izku\u0161njo.<\/p>\n<p>Postopek spremembe nastavitev pi\u0161kotkov se v vsakem brskalniku razlikuje. Informacijo o tem lahko poi\u0161\u010dete s pomo\u010djo funkcije \u00bbPomo\u010d\u00ab, obi\u0161\u010dete <a href=\"https:\/\/www.aboutcookies.org\/\">www.aboutcookies.org<\/a>, ki nazorno razlo\u017ei postopek v vseh modernih brskalnikih, ali pa nas kontaktirate prek e-po\u0161te.<\/p>\n<\/div><\/section><\/div>\n\n<style type=\"text\/css\" data-created_by=\"avia_inline_auto\" id=\"style-css-av-23gfnf-ec5ce78a0f5f65c11a61f6843948f8d9\">\n.flex_column.av-23gfnf-ec5ce78a0f5f65c11a61f6843948f8d9{\nborder-radius:0px 0px 0px 0px;\npadding:0px 0px 0px 0px;\n}\n<\/style>\n<div  class='flex_column av-23gfnf-ec5ce78a0f5f65c11a61f6843948f8d9 av_one_half  avia-builder-el-2  el_after_av_one_half  avia-builder-el-last  flex_column_div av-zero-column-padding  '     ><section  class='av_textblock_section av-k8o9hibp-e6941bf28cc0aeddf83750f589e3227c '   itemscope=\"itemscope\" itemtype=\"https:\/\/schema.org\/CreativeWork\" ><div class='avia_textblock'  itemprop=\"text\" ><h1>General terms<\/h1>\n<p>You are on website: <a href=\"https:\/\/www.trgo-mokk.en\/\">https:\/\/www.trgo-mokk.en\/<\/a>. Your access and use of this site are subject of our general terms. By accessing the site, you acknowledge that you are aware of them, that you agree with them and that you are bound by them.<\/p>\n<p>Owner of this website TRGO-MOKK d.o.o. reserves the right to change or supplement these GENERAL TERMS without any prior notice.<\/p>\n<p>All data and information published on the website <a href=\"https:\/\/www.trgo-mokk.si\/\">https:\/\/www.trgo-mokk.si\/<\/a> should be checked before use with our colleagues. The owner of this data pays grave attention to correctness and accuracy of the data. He checks and updates them regularly. But as they may change between the two updates, he takes no responsibility for their accuracy. Furthermore, he gives no guarantees for the integrity or correct interpretation of the information provided.<\/p>\n<p>The same applies also for all other websites that can be accessible through hypertext links. You establish links to these sites at your own risk. TRGO-MOKK d.o.o.. does not take any responsibility for them.<\/p>\n<p>The information on the website is for informational purposes only. The owner takes no responsibility for any possible errors in the content or in correctness and accuracy of the published information, which may have arisen due to the time mismatches, typing errors or other unforeseen reasons. Content published on this site or linked sites may therefore contain inaccuracies, typing, grammar or typographical errors. The owner explicitly excludes liability for them.<\/p>\n<p>Images of persons, objects, places, and other images displayed on the Website are either the property of the owner or may be published with the permission of the owner.<\/p>\n<p>Any use of these images without the written permission of the owner is prohibited and is a violation of copyright or other intellectual property rights or regulations on the protection of personal data.<\/p>\n<p><strong>PRIVACY POLICY<\/strong><br \/>\nWe treat with your personal information in accordance with the law. In a fair, secure and transparent manner. We are aware of our responsibility because you have trusted us your personal data.<\/p>\n<p><strong>The purpose of collecting personal data<\/strong><br \/>\nThe operator processes personal data of users for the following purposes:<br \/>\n&#8212; communication between potential clients or for using them exclusively for answering the submitted questions, messages via the submitted online form.<\/p>\n<p>The operator may process the following personal data of users:<\/p>\n<ul>\n<li>name<\/li>\n<li>last name<\/li>\n<li>e-mail address<\/li>\n<li>matter<\/li>\n<li>message<\/li>\n<\/ul>\n<p><strong>Personal consent of the user<\/strong><br \/>\nThe operator provides the possibility of personal consent of the user, where necessary, without a pre-filled check box. (If the inquiry is sent directly to the e-mail address).<br \/>\nThe personal consent of the user is his or her free will that his personal data may be processed for a specific purpose.<\/p>\n<p>The consent is given on the basis of information provided to him by the operator under these legal conditions. (In the contact form, please agree with usage of your information).<\/p>\n<p><strong>Direct marketing<\/strong><br \/>\nThe operator does not use any personal data for direct marketing purposes.<\/p>\n<p><strong>Storage of personal data<\/strong><br \/>\nOur website <a href=\"https:\/\/www.trgo-mokk.si\/\">https:\/\/www.trgo-mokk.si\/<\/a> does not store user data when he sends a request. This data is sent directly to the email address <a href=\"mailto:info@trgo-mokk.si\" target=\"_blank\" rel=\"noopener noreferrer\">info@trgo-mokk.si<\/a> .<\/p>\n<p><strong>Transmission of personal data to third parties<\/strong><br \/>\nThe operator does not pass on personal data of users to third parties.<\/p>\n<p><strong>Storing of personal data<\/strong><br \/>\nOur web page <a href=\"https:\/\/www.trgo-mokk.si\/\">https:\/\/www.trgo-mokk.si\/<\/a> does not store user data when the user sends a request. This data is sent directly to the email address <a href=\"mailto:info@trgo-mokk.si\" target=\"_blank\" rel=\"noopener noreferrer\">info@trgo-mokk.si<\/a>.<\/p>\n<p><strong>Notification:<\/strong><br \/>\nThis website uses cookies. By continuing to browsing the site, you agree to our use of cookies.<\/p>\n<h1>COOKIE<\/h1>\n<h3>About cookies<\/h3>\n<p><strong>What are cookies?<\/strong><br \/>\nA cookie is a small text file that is stored on the web browser on your computer when you visit a website.<\/p>\n<p>With the help of cookies web-site interaction with the user is faster and easier. With their help, a website remembers users\u2019 preferences and experiences, this way we save time and make browsing more efficient and enjoyable.<\/p>\n<p>There are many reasons why we use cookies. First is their ability to store information about the status of each website (language selection, number of hits displayed, font size, etc.). Also, it assists us at the implementation of online services (registration, shopping cart content, sign-up for e-newsletter, video watching, etc.), it helps us to collect information about habits of online users (number of visits, user-generated content, etc.). All these properties can help us to improve your users experience and also help us to evaluate the effectiveness of our website design.<\/p>\n<p>None of the cookies that we use on our sites, collect personally identifiable data.<\/p>\n<p>Because we want to be completely honest with you, we have compiled a list of all the cookies we use and reasons why we use them. Please note that by continuing to browse this site you agree with our use of the cookies described.<\/p>\n<h3>Which cookies are used on this site?<\/h3>\n<p><strong>Strictly Necessary cookies<\/strong><br \/>\nCookies that help us to display the content properly. It enables functioning of forms and other elements of the website.<br \/>\nSuch cookies are only active during duration of the session.<\/p>\n<p><strong>Google<\/strong><br \/>\nGoogle uses cookies to store popular user preferences, languages, number of displayed hits and values, hits displayed on Google Maps, and many other features and services of this online giant.<\/p>\n<p><strong>Google Analytics<\/strong><br \/>\nGoogle Analytics is a web analytics service. It provides us with information about the behaviour of users on our site and so helps us to create a better user experience, to display more relevant content, etc. We are unable to personally identify you when analysing this information.<br \/>\nThe life span of these cookies is up to 2 years.<\/p>\n<p><strong>How can I manage or delete cookies?<\/strong><br \/>\nWe will in not use cookies to collect your personally identifiable data, but nevertheless you can also change settings of your cookie usage on your computer or mobile browser.<br \/>\nMost modern browsers allow you to accept or reject all cookies, accept or reject only certain types of cookies, or set a warning that the site wants to store a cookie on your device. You can also delete cookies already stored by your browser on your device.<br \/>\nPlease note that if cookies are turned off, all functionality of the web page may not work as effectively, a cookie alert will be displayed at every visit, and in the long run, this will negatively effect on your user experience.<\/p>\n<p>The process of changing cookie settings differs in each browser. You can find more information about this with the \u00bbhelp\u00ab function, visit <a href=\"http:\/\/www.aboutcookies.org\" target=\"_blank\" rel=\"noopener noreferrer\">www.aboutcookies.org <\/a>, where the procedure of all modern browsers is clearly explained, or contact us by e-mail.<\/p>\n<\/div><\/section><\/div>\n","protected":false},"excerpt":{"rendered":"","protected":false},"author":1,"featured_media":0,"parent":0,"menu_order":0,"comment_status":"closed","ping_status":"closed","template":"","meta":{"footnotes":""},"class_list":["post-7991","page","type-page","status-publish","hentry"],"yoast_head":"<!-- This site is optimized with the Yoast SEO plugin v27.4 - https:\/\/yoast.com\/product\/yoast-seo-wordpress\/ -->\n<title>General terms - Trgo Mokk<\/title>\n<meta name=\"description\" content=\"You are on website: https:\/\/www.trgo-mokk.en\/ Your access and use of this site are subject of our general terms. By accessing the site, you acknowledge that you are aware of them, that you agree with them and that you are bound by them.\" \/>\n<meta name=\"robots\" content=\"index, follow, max-snippet:-1, max-image-preview:large, max-video-preview:-1\" \/>\n<link rel=\"canonical\" href=\"https:\/\/www.trgo-mokk.si\/ru\/general-terms\/\" \/>\n<meta property=\"og:locale\" content=\"ru_RU\" \/>\n<meta property=\"og:type\" content=\"article\" \/>\n<meta property=\"og:title\" content=\"General terms - Trgo Mokk\" \/>\n<meta property=\"og:description\" content=\"You are on website: https:\/\/www.trgo-mokk.en\/ Your access and use of this site are subject of our general terms. By accessing the site, you acknowledge that you are aware of them, that you agree with them and that you are bound by them.\" \/>\n<meta property=\"og:url\" content=\"https:\/\/www.trgo-mokk.si\/ru\/general-terms\/\" \/>\n<meta property=\"og:site_name\" content=\"Trgo Mokk\" \/>\n<meta property=\"article:modified_time\" content=\"2020-04-06T09:34:26+00:00\" \/>\n<meta name=\"twitter:card\" content=\"summary_large_image\" \/>\n<meta name=\"twitter:label1\" content=\"\u041f\u0440\u0438\u043c\u0435\u0440\u043d\u043e\u0435 \u0432\u0440\u0435\u043c\u044f \u0434\u043b\u044f \u0447\u0442\u0435\u043d\u0438\u044f\" \/>\n\t<meta name=\"twitter:data1\" content=\"12 \u043c\u0438\u043d\u0443\u0442\" \/>\n<script type=\"application\/ld+json\" class=\"yoast-schema-graph\">{\"@context\":\"https:\\\/\\\/schema.org\",\"@graph\":[{\"@type\":\"WebPage\",\"@id\":\"https:\\\/\\\/www.trgo-mokk.si\\\/ru\\\/general-terms\\\/\",\"url\":\"https:\\\/\\\/www.trgo-mokk.si\\\/ru\\\/general-terms\\\/\",\"name\":\"General terms - Trgo Mokk\",\"isPartOf\":{\"@id\":\"https:\\\/\\\/www.trgo-mokk.si\\\/ru\\\/#website\"},\"datePublished\":\"2020-04-06T09:14:28+00:00\",\"dateModified\":\"2020-04-06T09:34:26+00:00\",\"description\":\"You are on website: https:\\\/\\\/www.trgo-mokk.en\\\/ Your access and use of this site are subject of our general terms. By accessing the site, you acknowledge that you are aware of them, that you agree with them and that you are bound by them.\",\"breadcrumb\":{\"@id\":\"https:\\\/\\\/www.trgo-mokk.si\\\/ru\\\/general-terms\\\/#breadcrumb\"},\"inLanguage\":\"ru-RU\",\"potentialAction\":[{\"@type\":\"ReadAction\",\"target\":[\"https:\\\/\\\/www.trgo-mokk.si\\\/ru\\\/general-terms\\\/\"]}]},{\"@type\":\"BreadcrumbList\",\"@id\":\"https:\\\/\\\/www.trgo-mokk.si\\\/ru\\\/general-terms\\\/#breadcrumb\",\"itemListElement\":[{\"@type\":\"ListItem\",\"position\":1,\"name\":\"Home\",\"item\":\"https:\\\/\\\/www.trgo-mokk.si\\\/ru\\\/\"},{\"@type\":\"ListItem\",\"position\":2,\"name\":\"General terms\"}]},{\"@type\":\"WebSite\",\"@id\":\"https:\\\/\\\/www.trgo-mokk.si\\\/ru\\\/#website\",\"url\":\"https:\\\/\\\/www.trgo-mokk.si\\\/ru\\\/\",\"name\":\"Trgo Mokk\",\"description\":\"\",\"publisher\":{\"@id\":\"https:\\\/\\\/www.trgo-mokk.si\\\/ru\\\/#organization\"},\"potentialAction\":[{\"@type\":\"SearchAction\",\"target\":{\"@type\":\"EntryPoint\",\"urlTemplate\":\"https:\\\/\\\/www.trgo-mokk.si\\\/ru\\\/?s={search_term_string}\"},\"query-input\":{\"@type\":\"PropertyValueSpecification\",\"valueRequired\":true,\"valueName\":\"search_term_string\"}}],\"inLanguage\":\"ru-RU\"},{\"@type\":\"Organization\",\"@id\":\"https:\\\/\\\/www.trgo-mokk.si\\\/ru\\\/#organization\",\"name\":\"Trgo Mokk\",\"url\":\"https:\\\/\\\/www.trgo-mokk.si\\\/ru\\\/\",\"logo\":{\"@type\":\"ImageObject\",\"inLanguage\":\"ru-RU\",\"@id\":\"https:\\\/\\\/www.trgo-mokk.si\\\/ru\\\/#\\\/schema\\\/logo\\\/image\\\/\",\"url\":\"https:\\\/\\\/www.trgo-mokk.si\\\/wp-content\\\/uploads\\\/2018\\\/03\\\/logo-trans340x156.png\",\"contentUrl\":\"https:\\\/\\\/www.trgo-mokk.si\\\/wp-content\\\/uploads\\\/2018\\\/03\\\/logo-trans340x156.png\",\"width\":340,\"height\":156,\"caption\":\"Trgo Mokk\"},\"image\":{\"@id\":\"https:\\\/\\\/www.trgo-mokk.si\\\/ru\\\/#\\\/schema\\\/logo\\\/image\\\/\"},\"sameAs\":[\"https:\\\/\\\/www.linkedin.com\\\/company\\\/trgo-mokk-d.o.o.\\\/\"]}]}<\/script>\n<!-- \/ Yoast SEO plugin. -->","yoast_head_json":{"title":"General terms - Trgo Mokk","description":"You are on website: https:\/\/www.trgo-mokk.en\/ Your access and use of this site are subject of our general terms. By accessing the site, you acknowledge that you are aware of them, that you agree with them and that you are bound by them.","robots":{"index":"index","follow":"follow","max-snippet":"max-snippet:-1","max-image-preview":"max-image-preview:large","max-video-preview":"max-video-preview:-1"},"canonical":"https:\/\/www.trgo-mokk.si\/ru\/general-terms\/","og_locale":"ru_RU","og_type":"article","og_title":"General terms - Trgo Mokk","og_description":"You are on website: https:\/\/www.trgo-mokk.en\/ Your access and use of this site are subject of our general terms. By accessing the site, you acknowledge that you are aware of them, that you agree with them and that you are bound by them.","og_url":"https:\/\/www.trgo-mokk.si\/ru\/general-terms\/","og_site_name":"Trgo Mokk","article_modified_time":"2020-04-06T09:34:26+00:00","twitter_card":"summary_large_image","twitter_misc":{"\u041f\u0440\u0438\u043c\u0435\u0440\u043d\u043e\u0435 \u0432\u0440\u0435\u043c\u044f \u0434\u043b\u044f \u0447\u0442\u0435\u043d\u0438\u044f":"12 \u043c\u0438\u043d\u0443\u0442"},"schema":{"@context":"https:\/\/schema.org","@graph":[{"@type":"WebPage","@id":"https:\/\/www.trgo-mokk.si\/ru\/general-terms\/","url":"https:\/\/www.trgo-mokk.si\/ru\/general-terms\/","name":"General terms - Trgo Mokk","isPartOf":{"@id":"https:\/\/www.trgo-mokk.si\/ru\/#website"},"datePublished":"2020-04-06T09:14:28+00:00","dateModified":"2020-04-06T09:34:26+00:00","description":"You are on website: https:\/\/www.trgo-mokk.en\/ Your access and use of this site are subject of our general terms. By accessing the site, you acknowledge that you are aware of them, that you agree with them and that you are bound by them.","breadcrumb":{"@id":"https:\/\/www.trgo-mokk.si\/ru\/general-terms\/#breadcrumb"},"inLanguage":"ru-RU","potentialAction":[{"@type":"ReadAction","target":["https:\/\/www.trgo-mokk.si\/ru\/general-terms\/"]}]},{"@type":"BreadcrumbList","@id":"https:\/\/www.trgo-mokk.si\/ru\/general-terms\/#breadcrumb","itemListElement":[{"@type":"ListItem","position":1,"name":"Home","item":"https:\/\/www.trgo-mokk.si\/ru\/"},{"@type":"ListItem","position":2,"name":"General terms"}]},{"@type":"WebSite","@id":"https:\/\/www.trgo-mokk.si\/ru\/#website","url":"https:\/\/www.trgo-mokk.si\/ru\/","name":"Trgo Mokk","description":"","publisher":{"@id":"https:\/\/www.trgo-mokk.si\/ru\/#organization"},"potentialAction":[{"@type":"SearchAction","target":{"@type":"EntryPoint","urlTemplate":"https:\/\/www.trgo-mokk.si\/ru\/?s={search_term_string}"},"query-input":{"@type":"PropertyValueSpecification","valueRequired":true,"valueName":"search_term_string"}}],"inLanguage":"ru-RU"},{"@type":"Organization","@id":"https:\/\/www.trgo-mokk.si\/ru\/#organization","name":"Trgo Mokk","url":"https:\/\/www.trgo-mokk.si\/ru\/","logo":{"@type":"ImageObject","inLanguage":"ru-RU","@id":"https:\/\/www.trgo-mokk.si\/ru\/#\/schema\/logo\/image\/","url":"https:\/\/www.trgo-mokk.si\/wp-content\/uploads\/2018\/03\/logo-trans340x156.png","contentUrl":"https:\/\/www.trgo-mokk.si\/wp-content\/uploads\/2018\/03\/logo-trans340x156.png","width":340,"height":156,"caption":"Trgo Mokk"},"image":{"@id":"https:\/\/www.trgo-mokk.si\/ru\/#\/schema\/logo\/image\/"},"sameAs":["https:\/\/www.linkedin.com\/company\/trgo-mokk-d.o.o.\/"]}]}},"_links":{"self":[{"href":"https:\/\/www.trgo-mokk.si\/ru\/wp-json\/wp\/v2\/pages\/7991","targetHints":{"allow":["GET"]}}],"collection":[{"href":"https:\/\/www.trgo-mokk.si\/ru\/wp-json\/wp\/v2\/pages"}],"about":[{"href":"https:\/\/www.trgo-mokk.si\/ru\/wp-json\/wp\/v2\/types\/page"}],"author":[{"embeddable":true,"href":"https:\/\/www.trgo-mokk.si\/ru\/wp-json\/wp\/v2\/users\/1"}],"replies":[{"embeddable":true,"href":"https:\/\/www.trgo-mokk.si\/ru\/wp-json\/wp\/v2\/comments?post=7991"}],"version-history":[{"count":2,"href":"https:\/\/www.trgo-mokk.si\/ru\/wp-json\/wp\/v2\/pages\/7991\/revisions"}],"predecessor-version":[{"id":8005,"href":"https:\/\/www.trgo-mokk.si\/ru\/wp-json\/wp\/v2\/pages\/7991\/revisions\/8005"}],"wp:attachment":[{"href":"https:\/\/www.trgo-mokk.si\/ru\/wp-json\/wp\/v2\/media?parent=7991"}],"curies":[{"name":"wp","href":"https:\/\/api.w.org\/{rel}","templated":true}]}}